{"id":13,"date":"2025-05-06T23:30:40","date_gmt":"2025-05-06T23:30:40","guid":{"rendered":"https:\/\/electricbau.hu\/?page_id=13"},"modified":"2025-05-06T23:38:16","modified_gmt":"2025-05-06T23:38:16","slug":"elementor-13","status":"publish","type":"page","link":"https:\/\/electricbau.hu\/","title":{"rendered":"Elementor #13"},"content":{"rendered":"\t\t<div data-elementor-type=\"wp-page\" data-elementor-id=\"13\" class=\"elementor elementor-13\" data-elementor-post-type=\"page\">\n\t\t\t\t<div class=\"elementor-element elementor-element-416ce4a e-flex e-con-boxed e-con e-parent\" data-id=\"416ce4a\" data-element_type=\"container\">\n\t\t\t\t\t<div class=\"e-con-inner\">\n\t\t<div class=\"elementor-element elementor-element-02bd787 e-con-full e-flex e-con e-child\" data-id=\"02bd787\" data-element_type=\"container\">\n\t\t<div class=\"elementor-element elementor-element-7b23dc0 e-con-full e-flex e-con e-child\" data-id=\"7b23dc0\" data-element_type=\"container\">\n\t\t\t\t<\/div>\n\t\t<div class=\"elementor-element elementor-element-e435533 e-con-full e-flex e-con e-child\" data-id=\"e435533\" data-element_type=\"container\">\n\t\t\t\t<div class=\"elementor-element elementor-element-29d6ed6 elementor-widget__width-initial elementor-widget elementor-widget-image\" data-id=\"29d6ed6\" data-element_type=\"widget\" data-widget_type=\"image.default\">\n\t\t\t\t<div class=\"elementor-widget-container\">\n\t\t\t\t\t\t\t\t\t\t\t\t\t\t\t<img decoding=\"async\" width=\"400\" height=\"110\" src=\"https:\/\/electricbau.hu\/wp-content\/uploads\/2025\/05\/cropped-letoltes-3.png\" class=\"attachment-large size-large wp-image-19\" alt=\"\" srcset=\"https:\/\/electricbau.hu\/wp-content\/uploads\/2025\/05\/cropped-letoltes-3.png 400w, https:\/\/electricbau.hu\/wp-content\/uploads\/2025\/05\/cropped-letoltes-3-300x83.png 300w\" sizes=\"(max-width: 400px) 100vw, 400px\" \/>\t\t\t\t\t\t\t\t\t\t\t\t\t\t\t<\/div>\n\t\t\t\t<\/div>\n\t\t\t\t<div class=\"elementor-element elementor-element-dcfc482 elementor-widget elementor-widget-heading\" data-id=\"dcfc482\" data-element_type=\"widget\" data-widget_type=\"heading.default\">\n\t\t\t\t<div class=\"elementor-widget-container\">\n\t\t\t\t\t<h2 class=\"elementor-heading-title elementor-size-default\">Az oldal karbantart\u00e1s alatt<\/h2>\t\t\t\t<\/div>\n\t\t\t\t<\/div>\n\t\t\t\t<div class=\"elementor-element elementor-element-8c3790f elementor-widget elementor-widget-n-accordion\" data-id=\"8c3790f\" data-element_type=\"widget\" data-settings=\"{&quot;default_state&quot;:&quot;expanded&quot;,&quot;max_items_expended&quot;:&quot;one&quot;,&quot;n_accordion_animation_duration&quot;:{&quot;unit&quot;:&quot;ms&quot;,&quot;size&quot;:400,&quot;sizes&quot;:[]}}\" data-widget_type=\"nested-accordion.default\">\n\t\t\t\t<div class=\"elementor-widget-container\">\n\t\t\t\t\t\t\t<div class=\"e-n-accordion\" aria-label=\"Accordion. Open links with Enter or Space, close with Escape, and navigate with Arrow Keys\">\n\t\t\t\t\t\t<details id=\"e-n-accordion-item-1470\" class=\"e-n-accordion-item\" open>\n\t\t\t\t<summary class=\"e-n-accordion-item-title\" data-accordion-index=\"1\" tabindex=\"0\" aria-expanded=\"true\" aria-controls=\"e-n-accordion-item-1470\" >\n\t\t\t\t\t<span class='e-n-accordion-item-title-header'><div class=\"e-n-accordion-item-title-text\"> T\u00e1mogat\u00e1s \u00e9s Hirdetm\u00e9ny: <\/div><\/span>\n\t\t\t\t\t\t\t<span class='e-n-accordion-item-title-icon'>\n\t\t\t<span class='e-opened' ><svg aria-hidden=\"true\" class=\"e-font-icon-svg e-fas-minus\" viewBox=\"0 0 448 512\" xmlns=\"http:\/\/www.w3.org\/2000\/svg\"><path d=\"M416 208H32c-17.67 0-32 14.33-32 32v32c0 17.67 14.33 32 32 32h384c17.67 0 32-14.33 32-32v-32c0-17.67-14.33-32-32-32z\"><\/path><\/svg><\/span>\n\t\t\t<span class='e-closed'><svg aria-hidden=\"true\" class=\"e-font-icon-svg e-fas-plus\" viewBox=\"0 0 448 512\" xmlns=\"http:\/\/www.w3.org\/2000\/svg\"><path d=\"M416 208H272V64c0-17.67-14.33-32-32-32h-32c-17.67 0-32 14.33-32 32v144H32c-17.67 0-32 14.33-32 32v32c0 17.67 14.33 32 32 32h144v144c0 17.67 14.33 32 32 32h32c17.67 0 32-14.33 32-32V304h144c17.67 0 32-14.33 32-32v-32c0-17.67-14.33-32-32-32z\"><\/path><\/svg><\/span>\n\t\t<\/span>\n\n\t\t\t\t\t\t<\/summary>\n\t\t\t\t<div role=\"region\" aria-labelledby=\"e-n-accordion-item-1470\" class=\"elementor-element elementor-element-02c078a e-con-full e-flex e-con e-child\" data-id=\"02c078a\" data-element_type=\"container\">\n\t\t\t\t<div class=\"elementor-element elementor-element-adca2c4 elementor-widget elementor-widget-text-editor\" data-id=\"adca2c4\" data-element_type=\"widget\" data-widget_type=\"text-editor.default\">\n\t\t\t\t<div class=\"elementor-widget-container\">\n\t\t\t\t\t\t\t\t\t<div class=\"elementor-element elementor-element-0917884 elementor-widget elementor-widget-heading\" data-id=\"0917884\" data-element_type=\"widget\" data-widget_type=\"heading.default\"><div class=\"elementor-widget-container\"><h2 class=\"elementor-heading-title elementor-size-default\">\u00a0<\/h2><\/div><\/div><div class=\"elementor-element elementor-element-9c74958 elementor-widget elementor-widget-text-editor\" data-id=\"9c74958\" data-element_type=\"widget\" data-widget_type=\"text-editor.default\"><div class=\"elementor-widget-container\"><p>\u2013 a t\u00e1mogat\u00f3 neve: P\u00e9nz\u00fcgyminiszt\u00e9rium<\/p><p>\u2013 a kedvezm\u00e9nyezett neve: C.Electricbau M\u0171szaki \u00e9s Kereskedelmi Zrt.<\/p><p>\u2013 a projekt c\u00edme: M\u00e9r\u0151m\u0171szergy\u00e1rt\u00f3 tev\u00e9kenys\u00e9ghez kapcsol\u00f3d\u00f3 eszk\u00f6zberuh\u00e1z\u00e1s az C.Electricbau Zrt.-n\u00e9l<\/p><p>\u2013 a t\u00e1mogat\u00e1si szerz\u0151d\u00e9s szerinti t\u00e1mogat\u00e1si \u00f6sszeg: 11,19 M Ft<\/p><p>\u2013 a projekt tartalm\u00e1nak bemutat\u00e1sa:<\/p><p>A C.ELECTRICBAU Zrt. a k\u00f6vetkez\u0151 eszk\u00f6z\u00f6ket szerezte be a projekt keret\u00e9ben: 1 db Quadra DVCeco SMT be\u00fcltet\u0151g\u00e9p, 1 db TWS1385 Konvekci\u00f3s reflow, (meg\u00f6mleszt\u0151) kemence, 1 db SR2700 F\u00e9lautomata stencilnyomtat\u00f3, 5 db alkatr\u00e9sz adagol\u00f3. A fent jelzett t\u00e9telek mellett megval\u00f3s\u00edt\u00e1sra ker\u00fclnek a k\u00f6telez\u0151 nyilv\u00e1noss\u00e1g elemei. Az eszk\u00f6z\u00f6k a megjel\u00f6lt megval\u00f3s\u00edt\u00e1si helysz\u00ednen (2040 Buda\u00f6rs, Gy\u00e1r utca 2.) ker\u00fcltek \u00fczembe helyez\u00e9sre.<\/p><p>\u2013 a projekt tervezett befejez\u00e9si d\u00e1tuma: 2022.09.29.<\/p><p>\u2013 a t\u00e1mogat\u00e1si szerz\u0151d\u00e9s sz\u00e1ma: PM_KKVESZKOZ_2018_A\/309<\/p><\/div><\/div>\t\t\t\t\t\t\t\t<\/div>\n\t\t\t\t<\/div>\n\t\t\t\t<\/div>\n\t\t\t\t\t<\/details>\n\t\t\t\t\t\t<details id=\"e-n-accordion-item-1471\" class=\"e-n-accordion-item\" >\n\t\t\t\t<summary class=\"e-n-accordion-item-title\" data-accordion-index=\"2\" tabindex=\"-1\" aria-expanded=\"false\" aria-controls=\"e-n-accordion-item-1471\" >\n\t\t\t\t\t<span class='e-n-accordion-item-title-header'><div class=\"e-n-accordion-item-title-text\"> C\u00e9gismertet\u0151 <\/div><\/span>\n\t\t\t\t\t\t\t<span class='e-n-accordion-item-title-icon'>\n\t\t\t<span class='e-opened' ><svg aria-hidden=\"true\" class=\"e-font-icon-svg e-fas-minus\" viewBox=\"0 0 448 512\" xmlns=\"http:\/\/www.w3.org\/2000\/svg\"><path d=\"M416 208H32c-17.67 0-32 14.33-32 32v32c0 17.67 14.33 32 32 32h384c17.67 0 32-14.33 32-32v-32c0-17.67-14.33-32-32-32z\"><\/path><\/svg><\/span>\n\t\t\t<span class='e-closed'><svg aria-hidden=\"true\" class=\"e-font-icon-svg e-fas-plus\" viewBox=\"0 0 448 512\" xmlns=\"http:\/\/www.w3.org\/2000\/svg\"><path d=\"M416 208H272V64c0-17.67-14.33-32-32-32h-32c-17.67 0-32 14.33-32 32v144H32c-17.67 0-32 14.33-32 32v32c0 17.67 14.33 32 32 32h144v144c0 17.67 14.33 32 32 32h32c17.67 0 32-14.33 32-32V304h144c17.67 0 32-14.33 32-32v-32c0-17.67-14.33-32-32-32z\"><\/path><\/svg><\/span>\n\t\t<\/span>\n\n\t\t\t\t\t\t<\/summary>\n\t\t\t\t<div role=\"region\" aria-labelledby=\"e-n-accordion-item-1471\" class=\"elementor-element elementor-element-e26e5e9 e-con-full e-flex e-con e-child\" data-id=\"e26e5e9\" data-element_type=\"container\">\n\t\t\t\t<div class=\"elementor-element elementor-element-a3accdd elementor-widget elementor-widget-text-editor\" data-id=\"a3accdd\" data-element_type=\"widget\" data-widget_type=\"text-editor.default\">\n\t\t\t\t<div class=\"elementor-widget-container\">\n\t\t\t\t\t\t\t\t\t<p style=\"text-align: center;\"><a href=\"https:\/\/electricbau.hu\/wp-content\/uploads\/2025\/05\/Cegismerteto2022.pptx\">C\u00e9gismertet\u0151 let\u00f6lt\u00e9se<\/a><\/p>\t\t\t\t\t\t\t\t<\/div>\n\t\t\t\t<\/div>\n\t\t\t\t<\/div>\n\t\t\t\t\t<\/details>\n\t\t\t\t\t<\/div>\n\t\t\t\t\t\t<\/div>\n\t\t\t\t<\/div>\n\t\t\t\t<\/div>\n\t\t<div class=\"elementor-element elementor-element-a8fb8dd e-con-full e-flex e-con e-child\" data-id=\"a8fb8dd\" data-element_type=\"container\">\n\t\t\t\t<\/div>\n\t\t\t\t<\/div>\n\t\t\t\t\t<\/div>\n\t\t\t\t<\/div>\n\t\t\t\t<\/div>\n\t\t","protected":false},"excerpt":{"rendered":"<p>Az oldal karbantart\u00e1s alatt T\u00e1mogat\u00e1s \u00e9s Hirdetm\u00e9ny: \u00a0 \u2013 a t\u00e1mogat\u00f3 neve: P\u00e9nz\u00fcgyminiszt\u00e9rium \u2013 a kedvezm\u00e9nyezett neve: C.Electricbau M\u0171szaki \u00e9s Kereskedelmi Zrt. \u2013 a projekt c\u00edme: M\u00e9r\u0151m\u0171szergy\u00e1rt\u00f3 tev\u00e9kenys\u00e9ghez kapcsol\u00f3d\u00f3 eszk\u00f6zberuh\u00e1z\u00e1s az C.Electricbau Zrt.-n\u00e9l \u2013 a t\u00e1mogat\u00e1si szerz\u0151d\u00e9s szerinti t\u00e1mogat\u00e1si \u00f6sszeg: 11,19 M Ft \u2013 a projekt tartalm\u00e1nak bemutat\u00e1sa: A C.ELECTRICBAU Zrt. a k\u00f6vetkez\u0151 eszk\u00f6z\u00f6ket szerezte [&hellip;]<\/p>\n","protected":false},"author":1,"featured_media":0,"parent":0,"menu_order":0,"comment_status":"closed","ping_status":"closed","template":"","meta":{"footnotes":""},"class_list":["post-13","page","type-page","status-publish","hentry"],"_links":{"self":[{"href":"https:\/\/electricbau.hu\/index.php\/wp-json\/wp\/v2\/pages\/13","targetHints":{"allow":["GET"]}}],"collection":[{"href":"https:\/\/electricbau.hu\/index.php\/wp-json\/wp\/v2\/pages"}],"about":[{"href":"https:\/\/electricbau.hu\/index.php\/wp-json\/wp\/v2\/types\/page"}],"author":[{"embeddable":true,"href":"https:\/\/electricbau.hu\/index.php\/wp-json\/wp\/v2\/users\/1"}],"replies":[{"embeddable":true,"href":"https:\/\/electricbau.hu\/index.php\/wp-json\/wp\/v2\/comments?post=13"}],"version-history":[{"count":7,"href":"https:\/\/electricbau.hu\/index.php\/wp-json\/wp\/v2\/pages\/13\/revisions"}],"predecessor-version":[{"id":35,"href":"https:\/\/electricbau.hu\/index.php\/wp-json\/wp\/v2\/pages\/13\/revisions\/35"}],"wp:attachment":[{"href":"https:\/\/electricbau.hu\/index.php\/wp-json\/wp\/v2\/media?parent=13"}],"curies":[{"name":"wp","href":"https:\/\/api.w.org\/{rel}","templated":true}]}}